{"id":34,"date":"2023-05-29T07:11:12","date_gmt":"2023-05-29T07:11:12","guid":{"rendered":"http:\/\/localhost\/listify\/how-it-works\/"},"modified":"2024-08-31T13:12:43","modified_gmt":"2024-08-31T16:12:43","slug":"caminhos","status":"publish","type":"page","link":"https:\/\/caminhosdobrejal.com\/rota\/index.php\/caminhos\/","title":{"rendered":"Sobre o Brejal"},"content":{"rendered":"<div class=\"wp-block-group\"><div class=\"wp-block-group__inner-container is-layout-constrained wp-block-group-is-layout-constrained\"><p><strong>Descubra o Encanto do Brejal em Petr\u00f3polis<\/strong><\/p>\n\n<figure class=\"wp-block-image size-full is-resized\"><img loading=\"lazy\" decoding=\"async\" width=\"706\" height=\"333\" src=\"http:\/\/caminhosdobrejal.com\/rota\/wp-content\/uploads\/2024\/03\/WhatsApp-Image-2024-03-18-at-21.22.59-e1710847107890.jpeg\" alt=\"\" class=\"wp-image-286\" style=\"width:841px;height:auto\" srcset=\"https:\/\/caminhosdobrejal.com\/rota\/wp-content\/uploads\/2024\/03\/WhatsApp-Image-2024-03-18-at-21.22.59-e1710847107890.jpeg 706w, https:\/\/caminhosdobrejal.com\/rota\/wp-content\/uploads\/2024\/03\/WhatsApp-Image-2024-03-18-at-21.22.59-e1710847107890-300x142.jpeg 300w, https:\/\/caminhosdobrejal.com\/rota\/wp-content\/uploads\/2024\/03\/WhatsApp-Image-2024-03-18-at-21.22.59-e1710847107890-400x189.jpeg 400w\" sizes=\"auto, (max-width: 706px) 100vw, 706px\" \/><\/figure>\n\n<p>Em meio \u00e0 exuberante natureza da regi\u00e3o serrana do Rio de Janeiro, o Brejal se destaca com sua altitude variando entre 750m a 1400m. Este tesouro escondido se estende por mais de 80km de estradas vicinais, tecendo uma rede viva de produtores, moradores, empreendedores e iniciativas sustent\u00e1veis, consolidando-se como um vital polo de produ\u00e7\u00e3o agr\u00edcola.<\/p>\n\n<p>Explore a Vasta Produ\u00e7\u00e3o de Hortali\u00e7as do Brejal<\/p>\n\n<p>Renomado por sua rica produ\u00e7\u00e3o agr\u00edcola, o Brejal se orgulha do cultivo de hortali\u00e7as, abrangendo uma ampla comunidade de produtores convencionais e org\u00e2nicos. Localizado na Posse, 5\u00ba distrito de Petr\u00f3polis, este lugar n\u00e3o \u00e9 apenas um destino, mas uma jornada pelas ra\u00edzes da sustentabilidade e da agricultura respons\u00e1vel.<\/p>\n\n<p>Circuito de Turismo Rural Inovador<\/p>\n\n<p>H\u00e1 mais de duas d\u00e9cadas, uma coaliz\u00e3o vision\u00e1ria de moradores, sitiantes e produtores se uniu com um sonho comum: transformar o Brejal em um destino tur\u00edstico inesquec\u00edvel. Eles abriram as portas de suas iniciativas, s\u00edtios e cora\u00e7\u00f5es, convidando visitantes a mergulhar na autenticidade desta joia da regi\u00e3o serrana.<\/p>\n\n<p>Nossa Miss\u00e3o: Uma Experi\u00eancia \u00danica no Brejal<\/p>\n\n<p>Nosso objetivo \u00e9 proporcionar a voc\u00ea uma aventura diferenciada no Brejal. Como? Unindo esfor\u00e7os, conectamos:<\/p>\n\n<p>Moradores apaixonados, prontos para compartilhar os encantos de sua localidade.<br>Empreendedores inovadores, abrindo seus neg\u00f3cios e s\u00edtios para uma imers\u00e3o tur\u00edstica.<br>Produtores dedicados, revelando os segredos de suas hortas e produ\u00e7\u00f5es.<br>Junte-se a n\u00f3s e explore os &#8220;Caminhos do Brejal&#8221;, onde cada passo revela hist\u00f3rias, sabores e a ess\u00eancia pura do turismo rural em Petr\u00f3polis.<\/p>\n\n<p><\/p><\/div><\/div><p>_____<\/p>\n<p>&#8220;Aviso:\u00a0 informa\u00e7\u00f5es contidas neste website podem ser fornecidas pelas atra\u00e7\u00f5es inscritas e o site n\u00e3o se responsabiliza pela precis\u00e3o, integridade ou qualidade das informa\u00e7\u00f5es fornecidas, nem pelos servi\u00e7os prestados pelos atrativos apresentados e ou inscritos.&#8221; &#8211; Qualquer colabora\u00e7\u00e3o para melhorar e ajustar o conte\u00fado desse website \u00e9 bem vindo.<\/p>\n<p style=\"text-align: center;\">\u00a0<\/p>","protected":false},"excerpt":{"rendered":"<p>Descubra o Encanto do Brejal em Petr\u00f3polis Em meio \u00e0 exuberante natureza da regi\u00e3o serrana do Rio de Janeiro, o Brejal se destaca com sua altitude variando entre 750m a 1400m. Este tesouro escondido se estende por mais de 80km de estradas vicinais, tecendo uma rede viva de produtores, moradores, empreendedores e iniciativas sustent\u00e1veis, consolidando-se&hellip;<\/p>\n","protected":false},"author":1,"featured_media":39,"parent":0,"menu_order":0,"comment_status":"closed","ping_status":"closed","template":"page-templates\/template-single-column.php","meta":{"footnotes":""},"class_list":["post-34","page","type-page","status-publish","has-post-thumbnail","hentry","content-box content-box-wrapper"],"yoast_head":"<!-- This site is optimized with the Yoast SEO plugin v23.4 - https:\/\/yoast.com\/wordpress\/plugins\/seo\/ -->\n<title>Sobre o Brejal - Descubra o Brejal<\/title>\n<meta name=\"robots\" content=\"index, follow, max-snippet:-1, max-image-preview:large, max-video-preview:-1\" \/>\n<link rel=\"canonical\" href=\"https:\/\/caminhosdobrejal.com\/rota\/index.php\/caminhos\/\" \/>\n<meta property=\"og:locale\" content=\"pt_BR\" \/>\n<meta property=\"og:type\" content=\"article\" \/>\n<meta property=\"og:title\" content=\"Sobre o Brejal - Descubra o Brejal\" \/>\n<meta property=\"og:description\" content=\"Descubra o Encanto do Brejal em Petr\u00f3polis Em meio \u00e0 exuberante natureza da regi\u00e3o serrana do Rio de Janeiro, o Brejal se destaca com sua altitude variando entre 750m a 1400m. Este tesouro escondido se estende por mais de 80km de estradas vicinais, tecendo uma rede viva de produtores, moradores, empreendedores e iniciativas sustent\u00e1veis, consolidando-se&hellip;\" \/>\n<meta property=\"og:url\" content=\"https:\/\/caminhosdobrejal.com\/rota\/index.php\/caminhos\/\" \/>\n<meta property=\"og:site_name\" content=\"Descubra o Brejal\" \/>\n<meta property=\"article:modified_time\" content=\"2024-08-31T16:12:43+00:00\" \/>\n<meta name=\"twitter:card\" content=\"summary_large_image\" \/>\n<meta name=\"twitter:label1\" content=\"Est. tempo de leitura\" \/>\n\t<meta name=\"twitter:data1\" content=\"2 minutos\" \/>\n<script type=\"application\/ld+json\" class=\"yoast-schema-graph\">{\"@context\":\"https:\/\/schema.org\",\"@graph\":[{\"@type\":\"WebPage\",\"@id\":\"https:\/\/caminhosdobrejal.com\/rota\/index.php\/caminhos\/\",\"url\":\"https:\/\/caminhosdobrejal.com\/rota\/index.php\/caminhos\/\",\"name\":\"Sobre o Brejal - Descubra o Brejal\",\"isPartOf\":{\"@id\":\"https:\/\/caminhosdobrejal.com\/rota\/#website\"},\"primaryImageOfPage\":{\"@id\":\"https:\/\/caminhosdobrejal.com\/rota\/index.php\/caminhos\/#primaryimage\"},\"image\":{\"@id\":\"https:\/\/caminhosdobrejal.com\/rota\/index.php\/caminhos\/#primaryimage\"},\"thumbnailUrl\":\"\",\"datePublished\":\"2023-05-29T07:11:12+00:00\",\"dateModified\":\"2024-08-31T16:12:43+00:00\",\"breadcrumb\":{\"@id\":\"https:\/\/caminhosdobrejal.com\/rota\/index.php\/caminhos\/#breadcrumb\"},\"inLanguage\":\"pt-BR\",\"potentialAction\":[{\"@type\":\"ReadAction\",\"target\":[\"https:\/\/caminhosdobrejal.com\/rota\/index.php\/caminhos\/\"]}]},{\"@type\":\"ImageObject\",\"inLanguage\":\"pt-BR\",\"@id\":\"https:\/\/caminhosdobrejal.com\/rota\/index.php\/caminhos\/#primaryimage\",\"url\":\"\",\"contentUrl\":\"\"},{\"@type\":\"BreadcrumbList\",\"@id\":\"https:\/\/caminhosdobrejal.com\/rota\/index.php\/caminhos\/#breadcrumb\",\"itemListElement\":[{\"@type\":\"ListItem\",\"position\":1,\"name\":\"In\u00edcio\",\"item\":\"https:\/\/caminhosdobrejal.com\/rota\/\"},{\"@type\":\"ListItem\",\"position\":2,\"name\":\"Sobre o Brejal\"}]},{\"@type\":\"WebSite\",\"@id\":\"https:\/\/caminhosdobrejal.com\/rota\/#website\",\"url\":\"https:\/\/caminhosdobrejal.com\/rota\/\",\"name\":\"Caminhos do Brejal\",\"description\":\"conhe\u00e7a, visite e desfrute!\",\"publisher\":{\"@id\":\"https:\/\/caminhosdobrejal.com\/rota\/#organization\"},\"alternateName\":\"conhe\u00e7a o brejal\",\"potentialAction\":[{\"@type\":\"SearchAction\",\"target\":{\"@type\":\"EntryPoint\",\"urlTemplate\":\"https:\/\/caminhosdobrejal.com\/rota\/?s={search_term_string}\"},\"query-input\":{\"@type\":\"PropertyValueSpecification\",\"valueRequired\":true,\"valueName\":\"search_term_string\"}}],\"inLanguage\":\"pt-BR\"},{\"@type\":\"Organization\",\"@id\":\"https:\/\/caminhosdobrejal.com\/rota\/#organization\",\"name\":\"Caminhos do Brejal\",\"url\":\"https:\/\/caminhosdobrejal.com\/rota\/\",\"logo\":{\"@type\":\"ImageObject\",\"inLanguage\":\"pt-BR\",\"@id\":\"https:\/\/caminhosdobrejal.com\/rota\/#\/schema\/logo\/image\/\",\"url\":\"https:\/\/caminhosdobrejal.com\/rota\/wp-content\/uploads\/2024\/09\/android-chrome-192x192-1.png\",\"contentUrl\":\"https:\/\/caminhosdobrejal.com\/rota\/wp-content\/uploads\/2024\/09\/android-chrome-192x192-1.png\",\"width\":192,\"height\":192,\"caption\":\"Caminhos do Brejal\"},\"image\":{\"@id\":\"https:\/\/caminhosdobrejal.com\/rota\/#\/schema\/logo\/image\/\"}}]}<\/script>\n<!-- \/ Yoast SEO plugin. -->","yoast_head_json":{"title":"Sobre o Brejal - Descubra o Brejal","robots":{"index":"index","follow":"follow","max-snippet":"max-snippet:-1","max-image-preview":"max-image-preview:large","max-video-preview":"max-video-preview:-1"},"canonical":"https:\/\/caminhosdobrejal.com\/rota\/index.php\/caminhos\/","og_locale":"pt_BR","og_type":"article","og_title":"Sobre o Brejal - Descubra o Brejal","og_description":"Descubra o Encanto do Brejal em Petr\u00f3polis Em meio \u00e0 exuberante natureza da regi\u00e3o serrana do Rio de Janeiro, o Brejal se destaca com sua altitude variando entre 750m a 1400m. Este tesouro escondido se estende por mais de 80km de estradas vicinais, tecendo uma rede viva de produtores, moradores, empreendedores e iniciativas sustent\u00e1veis, consolidando-se&hellip;","og_url":"https:\/\/caminhosdobrejal.com\/rota\/index.php\/caminhos\/","og_site_name":"Descubra o Brejal","article_modified_time":"2024-08-31T16:12:43+00:00","twitter_card":"summary_large_image","twitter_misc":{"Est. tempo de leitura":"2 minutos"},"schema":{"@context":"https:\/\/schema.org","@graph":[{"@type":"WebPage","@id":"https:\/\/caminhosdobrejal.com\/rota\/index.php\/caminhos\/","url":"https:\/\/caminhosdobrejal.com\/rota\/index.php\/caminhos\/","name":"Sobre o Brejal - Descubra o Brejal","isPartOf":{"@id":"https:\/\/caminhosdobrejal.com\/rota\/#website"},"primaryImageOfPage":{"@id":"https:\/\/caminhosdobrejal.com\/rota\/index.php\/caminhos\/#primaryimage"},"image":{"@id":"https:\/\/caminhosdobrejal.com\/rota\/index.php\/caminhos\/#primaryimage"},"thumbnailUrl":"","datePublished":"2023-05-29T07:11:12+00:00","dateModified":"2024-08-31T16:12:43+00:00","breadcrumb":{"@id":"https:\/\/caminhosdobrejal.com\/rota\/index.php\/caminhos\/#breadcrumb"},"inLanguage":"pt-BR","potentialAction":[{"@type":"ReadAction","target":["https:\/\/caminhosdobrejal.com\/rota\/index.php\/caminhos\/"]}]},{"@type":"ImageObject","inLanguage":"pt-BR","@id":"https:\/\/caminhosdobrejal.com\/rota\/index.php\/caminhos\/#primaryimage","url":"","contentUrl":""},{"@type":"BreadcrumbList","@id":"https:\/\/caminhosdobrejal.com\/rota\/index.php\/caminhos\/#breadcrumb","itemListElement":[{"@type":"ListItem","position":1,"name":"In\u00edcio","item":"https:\/\/caminhosdobrejal.com\/rota\/"},{"@type":"ListItem","position":2,"name":"Sobre o Brejal"}]},{"@type":"WebSite","@id":"https:\/\/caminhosdobrejal.com\/rota\/#website","url":"https:\/\/caminhosdobrejal.com\/rota\/","name":"Caminhos do Brejal","description":"conhe\u00e7a, visite e desfrute!","publisher":{"@id":"https:\/\/caminhosdobrejal.com\/rota\/#organization"},"alternateName":"conhe\u00e7a o brejal","potentialAction":[{"@type":"SearchAction","target":{"@type":"EntryPoint","urlTemplate":"https:\/\/caminhosdobrejal.com\/rota\/?s={search_term_string}"},"query-input":{"@type":"PropertyValueSpecification","valueRequired":true,"valueName":"search_term_string"}}],"inLanguage":"pt-BR"},{"@type":"Organization","@id":"https:\/\/caminhosdobrejal.com\/rota\/#organization","name":"Caminhos do Brejal","url":"https:\/\/caminhosdobrejal.com\/rota\/","logo":{"@type":"ImageObject","inLanguage":"pt-BR","@id":"https:\/\/caminhosdobrejal.com\/rota\/#\/schema\/logo\/image\/","url":"https:\/\/caminhosdobrejal.com\/rota\/wp-content\/uploads\/2024\/09\/android-chrome-192x192-1.png","contentUrl":"https:\/\/caminhosdobrejal.com\/rota\/wp-content\/uploads\/2024\/09\/android-chrome-192x192-1.png","width":192,"height":192,"caption":"Caminhos do Brejal"},"image":{"@id":"https:\/\/caminhosdobrejal.com\/rota\/#\/schema\/logo\/image\/"}}]}},"_links":{"self":[{"href":"https:\/\/caminhosdobrejal.com\/rota\/index.php\/wp-json\/wp\/v2\/pages\/34","targetHints":{"allow":["GET"]}}],"collection":[{"href":"https:\/\/caminhosdobrejal.com\/rota\/index.php\/wp-json\/wp\/v2\/pages"}],"about":[{"href":"https:\/\/caminhosdobrejal.com\/rota\/index.php\/wp-json\/wp\/v2\/types\/page"}],"author":[{"embeddable":true,"href":"https:\/\/caminhosdobrejal.com\/rota\/index.php\/wp-json\/wp\/v2\/users\/1"}],"replies":[{"embeddable":true,"href":"https:\/\/caminhosdobrejal.com\/rota\/index.php\/wp-json\/wp\/v2\/comments?post=34"}],"version-history":[{"count":32,"href":"https:\/\/caminhosdobrejal.com\/rota\/index.php\/wp-json\/wp\/v2\/pages\/34\/revisions"}],"predecessor-version":[{"id":634,"href":"https:\/\/caminhosdobrejal.com\/rota\/index.php\/wp-json\/wp\/v2\/pages\/34\/revisions\/634"}],"wp:featuredmedia":[{"embeddable":true,"href":"https:\/\/caminhosdobrejal.com\/rota\/index.php\/wp-json\/"}],"wp:attachment":[{"href":"https:\/\/caminhosdobrejal.com\/rota\/index.php\/wp-json\/wp\/v2\/media?parent=34"}],"curies":[{"name":"wp","href":"https:\/\/api.w.org\/{rel}","templated":true}]}}