{"id":367,"date":"2024-03-20T21:27:34","date_gmt":"2024-03-21T00:27:34","guid":{"rendered":"https:\/\/caminhosdobrejal.com\/rota\/?page_id=367"},"modified":"2026-02-20T15:24:03","modified_gmt":"2026-02-20T18:24:03","slug":"como-visitar","status":"publish","type":"page","link":"https:\/\/caminhosdobrejal.com\/rota\/index.php\/como-visitar\/","title":{"rendered":"Como Visitar"},"content":{"rendered":"<p class=\"has-text-align-center has-medium-font-size\">O brejal pode ser visitado de diversas maneiras, mas sempre recomendamos buscar um condutor local para auxiliar a visita\u00e7\u00e3o ou facilitar o agendamento das visitas de maneira pratica e organizada.<\/p><h2 class=\"wp-block-heading\"><\/h2><p>Em caso de visitas independentes, \u00e9 de extrema importancia sempre buscar contactar os locais de interesse para conferir disponibilidade dos atrativos. <\/p><figure class=\"wp-block-gallery has-nested-images columns-default is-cropped wp-block-gallery-1 is-layout-flex wp-block-gallery-is-layout-flex\"><figure class=\"wp-block-image size-large\"><img loading=\"lazy\" decoding=\"async\" width=\"1024\" height=\"683\" data-id=\"460\" src=\"https:\/\/caminhosdobrejal.com\/rota\/wp-content\/uploads\/2024\/05\/7I0A0842-1024x683.jpg\" alt=\"\" class=\"wp-image-460\" srcset=\"https:\/\/caminhosdobrejal.com\/rota\/wp-content\/uploads\/2024\/05\/7I0A0842-1024x683.jpg 1024w, https:\/\/caminhosdobrejal.com\/rota\/wp-content\/uploads\/2024\/05\/7I0A0842-300x200.jpg 300w, https:\/\/caminhosdobrejal.com\/rota\/wp-content\/uploads\/2024\/05\/7I0A0842-768x512.jpg 768w, https:\/\/caminhosdobrejal.com\/rota\/wp-content\/uploads\/2024\/05\/7I0A0842-1536x1024.jpg 1536w, https:\/\/caminhosdobrejal.com\/rota\/wp-content\/uploads\/2024\/05\/7I0A0842-2048x1366.jpg 2048w, https:\/\/caminhosdobrejal.com\/rota\/wp-content\/uploads\/2024\/05\/7I0A0842-400x267.jpg 400w\" sizes=\"auto, (max-width: 1024px) 100vw, 1024px\" \/><\/figure>\n\n<figure class=\"wp-block-image size-large\"><img loading=\"lazy\" decoding=\"async\" width=\"1024\" height=\"639\" data-id=\"459\" src=\"https:\/\/caminhosdobrejal.com\/rota\/wp-content\/uploads\/2024\/05\/MG_5907-1024x639.jpg\" alt=\"\" class=\"wp-image-459\" srcset=\"https:\/\/caminhosdobrejal.com\/rota\/wp-content\/uploads\/2024\/05\/MG_5907-1024x639.jpg 1024w, https:\/\/caminhosdobrejal.com\/rota\/wp-content\/uploads\/2024\/05\/MG_5907-300x187.jpg 300w, https:\/\/caminhosdobrejal.com\/rota\/wp-content\/uploads\/2024\/05\/MG_5907-768x479.jpg 768w, https:\/\/caminhosdobrejal.com\/rota\/wp-content\/uploads\/2024\/05\/MG_5907-1536x959.jpg 1536w, https:\/\/caminhosdobrejal.com\/rota\/wp-content\/uploads\/2024\/05\/MG_5907-400x250.jpg 400w, https:\/\/caminhosdobrejal.com\/rota\/wp-content\/uploads\/2024\/05\/MG_5907.jpg 1730w\" sizes=\"auto, (max-width: 1024px) 100vw, 1024px\" \/><\/figure>\n\n<figure class=\"wp-block-image size-large\"><img loading=\"lazy\" decoding=\"async\" width=\"1024\" height=\"683\" data-id=\"458\" src=\"https:\/\/caminhosdobrejal.com\/rota\/wp-content\/uploads\/2024\/05\/7I0A2549-1024x683.jpg\" alt=\"\" class=\"wp-image-458\" srcset=\"https:\/\/caminhosdobrejal.com\/rota\/wp-content\/uploads\/2024\/05\/7I0A2549-1024x683.jpg 1024w, https:\/\/caminhosdobrejal.com\/rota\/wp-content\/uploads\/2024\/05\/7I0A2549-300x200.jpg 300w, https:\/\/caminhosdobrejal.com\/rota\/wp-content\/uploads\/2024\/05\/7I0A2549-768x512.jpg 768w, https:\/\/caminhosdobrejal.com\/rota\/wp-content\/uploads\/2024\/05\/7I0A2549-1536x1024.jpg 1536w, https:\/\/caminhosdobrejal.com\/rota\/wp-content\/uploads\/2024\/05\/7I0A2549-2048x1365.jpg 2048w, https:\/\/caminhosdobrejal.com\/rota\/wp-content\/uploads\/2024\/05\/7I0A2549-400x267.jpg 400w\" sizes=\"auto, (max-width: 1024px) 100vw, 1024px\" \/><\/figure>\n\n<figure class=\"wp-block-image size-large\"><img loading=\"lazy\" decoding=\"async\" width=\"1024\" height=\"586\" data-id=\"457\" src=\"https:\/\/caminhosdobrejal.com\/rota\/wp-content\/uploads\/2024\/05\/7I0A4092_1-1024x586.jpg\" alt=\"\" class=\"wp-image-457\" srcset=\"https:\/\/caminhosdobrejal.com\/rota\/wp-content\/uploads\/2024\/05\/7I0A4092_1-1024x586.jpg 1024w, https:\/\/caminhosdobrejal.com\/rota\/wp-content\/uploads\/2024\/05\/7I0A4092_1-300x172.jpg 300w, https:\/\/caminhosdobrejal.com\/rota\/wp-content\/uploads\/2024\/05\/7I0A4092_1-768x440.jpg 768w, https:\/\/caminhosdobrejal.com\/rota\/wp-content\/uploads\/2024\/05\/7I0A4092_1-1536x880.jpg 1536w, https:\/\/caminhosdobrejal.com\/rota\/wp-content\/uploads\/2024\/05\/7I0A4092_1-400x229.jpg 400w, https:\/\/caminhosdobrejal.com\/rota\/wp-content\/uploads\/2024\/05\/7I0A4092_1.jpg 1886w\" sizes=\"auto, (max-width: 1024px) 100vw, 1024px\" \/><\/figure>\n\n<figure class=\"wp-block-image size-large\"><img loading=\"lazy\" decoding=\"async\" width=\"1024\" height=\"683\" data-id=\"456\" src=\"https:\/\/caminhosdobrejal.com\/rota\/wp-content\/uploads\/2024\/05\/7I0A7484-1024x683.jpg\" alt=\"\" class=\"wp-image-456\" srcset=\"https:\/\/caminhosdobrejal.com\/rota\/wp-content\/uploads\/2024\/05\/7I0A7484-1024x683.jpg 1024w, https:\/\/caminhosdobrejal.com\/rota\/wp-content\/uploads\/2024\/05\/7I0A7484-300x200.jpg 300w, https:\/\/caminhosdobrejal.com\/rota\/wp-content\/uploads\/2024\/05\/7I0A7484-768x512.jpg 768w, https:\/\/caminhosdobrejal.com\/rota\/wp-content\/uploads\/2024\/05\/7I0A7484-1536x1024.jpg 1536w, https:\/\/caminhosdobrejal.com\/rota\/wp-content\/uploads\/2024\/05\/7I0A7484-2048x1365.jpg 2048w, https:\/\/caminhosdobrejal.com\/rota\/wp-content\/uploads\/2024\/05\/7I0A7484-400x267.jpg 400w\" sizes=\"auto, (max-width: 1024px) 100vw, 1024px\" \/><\/figure>\n\n<figure class=\"wp-block-image size-large\"><img loading=\"lazy\" decoding=\"async\" width=\"1024\" height=\"683\" data-id=\"455\" src=\"https:\/\/caminhosdobrejal.com\/rota\/wp-content\/uploads\/2024\/05\/7I0A0856-1024x683.jpg\" alt=\"\" class=\"wp-image-455\" srcset=\"https:\/\/caminhosdobrejal.com\/rota\/wp-content\/uploads\/2024\/05\/7I0A0856-1024x683.jpg 1024w, https:\/\/caminhosdobrejal.com\/rota\/wp-content\/uploads\/2024\/05\/7I0A0856-300x200.jpg 300w, https:\/\/caminhosdobrejal.com\/rota\/wp-content\/uploads\/2024\/05\/7I0A0856-768x512.jpg 768w, https:\/\/caminhosdobrejal.com\/rota\/wp-content\/uploads\/2024\/05\/7I0A0856-1536x1024.jpg 1536w, https:\/\/caminhosdobrejal.com\/rota\/wp-content\/uploads\/2024\/05\/7I0A0856-2048x1366.jpg 2048w, https:\/\/caminhosdobrejal.com\/rota\/wp-content\/uploads\/2024\/05\/7I0A0856-400x267.jpg 400w\" sizes=\"auto, (max-width: 1024px) 100vw, 1024px\" \/><\/figure><\/figure><p><strong>Alguns pontos de destaque para visita acompanhada dos condutores locais<\/strong>:<\/p><ol class=\"wp-block-list\"><li class=\"has-medium-font-size\">Conhecimento especializado: Condutores locais geralmente possuem um conhecimento profundo sobre a regi\u00e3o, sua hist\u00f3ria, cultura, tradi\u00e7\u00f5es, e pontos de interesse. Eles podem fornecer informa\u00e7\u00f5es detalhadas que n\u00e3o s\u00e3o facilmente encontrados em guias tur\u00edsticos gen\u00e9ricos.<\/li>\n\n<li class=\"has-medium-font-size\">Acesso a locais exclusivos: Condutores locais muitas vezes t\u00eam acesso a lugares que est\u00e3o fora do circuito tur\u00edstico independente. Eles podem levar os visitantes a locais menos conhecidos, mas igualmente fascinantes, proporcionando uma experi\u00eancia mais aut\u00eantica e exclusiva.<\/li>\n\n<li class=\"has-medium-font-size\">Recomenda\u00e7\u00f5es personalizadas: Com base nos interesses e prefer\u00eancias dos turistas, os guias locais podem recomendar atividades, restaurantes, lojas e eventos que melhor atendam \u00e0s suas necessidades. Isso ajuda os visitantes a aproveitar ao m\u00e1ximo sua estadia na regi\u00e3o.<\/li>\n\n<li class=\"has-medium-font-size\">Suporte: Condutores locais oferecem suporte durante toda a viagem, desde o planejamento at\u00e9 a execu\u00e7\u00e3o das atividades. Eles podem ajudar a resolver problemas inesperados e garantir a seguran\u00e7a dos turistas, especialmente em \u00e1reas menos familiares.<\/li>\n\n<li class=\"has-medium-font-size\">Intera\u00e7\u00e3o com a comunidade local: Os condutores locais geralmente t\u00eam conex\u00f5es com a comunidade local e podem facilitar encontros aut\u00eanticos com moradores. Isso pode incluir visitas a mercados locais, festivais culturais, ou at\u00e9 mesmo convites para casa de fam\u00edlias locais, proporcionando uma perspectiva \u00fanica sobre a vida na regi\u00e3o.<\/li><\/ol><p class=\"has-medium-font-size\">Em resumo, os conduroes locais desempenham um papel crucial em enriquecer a experi\u00eancia tur\u00edstica, oferecendo conhecimento especializado, acesso privilegiado, interpreta\u00e7\u00e3o cultural, recomenda\u00e7\u00f5es personalizadas, suporte e seguran\u00e7a, al\u00e9m de facilitar a intera\u00e7\u00e3o com a comunidade local. Esses benef\u00edcios combinados contribuem para uma experi\u00eancia mais aut\u00eantica e significativa ao explorar uma nova regi\u00e3o.<\/p><figure class=\"wp-block-gallery has-nested-images columns-default is-cropped wp-block-gallery-2 is-layout-flex wp-block-gallery-is-layout-flex\"><figure class=\"wp-block-image size-large\"><img loading=\"lazy\" decoding=\"async\" width=\"706\" height=\"333\" data-id=\"286\" src=\"https:\/\/caminhosdobrejal.com\/rota\/wp-content\/uploads\/2024\/03\/WhatsApp-Image-2024-03-18-at-21.22.59-e1710847107890.jpeg\" alt=\"\" class=\"wp-image-286\" srcset=\"https:\/\/caminhosdobrejal.com\/rota\/wp-content\/uploads\/2024\/03\/WhatsApp-Image-2024-03-18-at-21.22.59-e1710847107890.jpeg 706w, https:\/\/caminhosdobrejal.com\/rota\/wp-content\/uploads\/2024\/03\/WhatsApp-Image-2024-03-18-at-21.22.59-e1710847107890-300x142.jpeg 300w, https:\/\/caminhosdobrejal.com\/rota\/wp-content\/uploads\/2024\/03\/WhatsApp-Image-2024-03-18-at-21.22.59-e1710847107890-400x189.jpeg 400w\" sizes=\"auto, (max-width: 706px) 100vw, 706px\" \/><\/figure><\/figure>","protected":false},"excerpt":{"rendered":"<p>O brejal pode ser visitado de diversas maneiras, mas sempre recomendamos buscar um condutor local para auxiliar a visita\u00e7\u00e3o ou facilitar o agendamento das visitas de maneira pratica e organizada. Em caso de visitas independentes, \u00e9 de extrema importancia sempre buscar contactar os locais de interesse para conferir disponibilidade dos atrativos. Alguns pontos de destaque&hellip;<\/p>\n","protected":false},"author":1,"featured_media":0,"parent":0,"menu_order":0,"comment_status":"closed","ping_status":"closed","template":"page-templates\/template-full-width-blank.php","meta":{"footnotes":""},"class_list":["post-367","page","type-page","status-publish","hentry","content-box content-box-wrapper"],"yoast_head":"<!-- This site is optimized with the Yoast SEO plugin v23.4 - https:\/\/yoast.com\/wordpress\/plugins\/seo\/ -->\n<title>Como Visitar - Descubra o Brejal<\/title>\n<meta name=\"robots\" content=\"index, follow, max-snippet:-1, max-image-preview:large, max-video-preview:-1\" \/>\n<link rel=\"canonical\" href=\"https:\/\/caminhosdobrejal.com\/rota\/index.php\/como-visitar\/\" \/>\n<meta property=\"og:locale\" content=\"pt_BR\" \/>\n<meta property=\"og:type\" content=\"article\" \/>\n<meta property=\"og:title\" content=\"Como Visitar - Descubra o Brejal\" \/>\n<meta property=\"og:description\" content=\"O brejal pode ser visitado de diversas maneiras, mas sempre recomendamos buscar um condutor local para auxiliar a visita\u00e7\u00e3o ou facilitar o agendamento das visitas de maneira pratica e organizada. Em caso de visitas independentes, \u00e9 de extrema importancia sempre buscar contactar os locais de interesse para conferir disponibilidade dos atrativos. Alguns pontos de destaque&hellip;\" \/>\n<meta property=\"og:url\" content=\"https:\/\/caminhosdobrejal.com\/rota\/index.php\/como-visitar\/\" \/>\n<meta property=\"og:site_name\" content=\"Descubra o Brejal\" \/>\n<meta property=\"article:modified_time\" content=\"2026-02-20T18:24:03+00:00\" \/>\n<meta property=\"og:image\" content=\"https:\/\/caminhosdobrejal.com\/rota\/wp-content\/uploads\/2024\/05\/7I0A0842-1024x683.jpg\" \/>\n<meta name=\"twitter:card\" content=\"summary_large_image\" \/>\n<meta name=\"twitter:label1\" content=\"Est. tempo de leitura\" \/>\n\t<meta name=\"twitter:data1\" content=\"4 minutos\" \/>\n<script type=\"application\/ld+json\" class=\"yoast-schema-graph\">{\"@context\":\"https:\/\/schema.org\",\"@graph\":[{\"@type\":\"WebPage\",\"@id\":\"https:\/\/caminhosdobrejal.com\/rota\/index.php\/como-visitar\/\",\"url\":\"https:\/\/caminhosdobrejal.com\/rota\/index.php\/como-visitar\/\",\"name\":\"Como Visitar - Descubra o Brejal\",\"isPartOf\":{\"@id\":\"https:\/\/caminhosdobrejal.com\/rota\/#website\"},\"primaryImageOfPage\":{\"@id\":\"https:\/\/caminhosdobrejal.com\/rota\/index.php\/como-visitar\/#primaryimage\"},\"image\":{\"@id\":\"https:\/\/caminhosdobrejal.com\/rota\/index.php\/como-visitar\/#primaryimage\"},\"thumbnailUrl\":\"https:\/\/caminhosdobrejal.com\/rota\/wp-content\/uploads\/2024\/05\/7I0A0842-1024x683.jpg\",\"datePublished\":\"2024-03-21T00:27:34+00:00\",\"dateModified\":\"2026-02-20T18:24:03+00:00\",\"breadcrumb\":{\"@id\":\"https:\/\/caminhosdobrejal.com\/rota\/index.php\/como-visitar\/#breadcrumb\"},\"inLanguage\":\"pt-BR\",\"potentialAction\":[{\"@type\":\"ReadAction\",\"target\":[\"https:\/\/caminhosdobrejal.com\/rota\/index.php\/como-visitar\/\"]}]},{\"@type\":\"ImageObject\",\"inLanguage\":\"pt-BR\",\"@id\":\"https:\/\/caminhosdobrejal.com\/rota\/index.php\/como-visitar\/#primaryimage\",\"url\":\"https:\/\/caminhosdobrejal.com\/rota\/wp-content\/uploads\/2024\/05\/7I0A0842.jpg\",\"contentUrl\":\"https:\/\/caminhosdobrejal.com\/rota\/wp-content\/uploads\/2024\/05\/7I0A0842.jpg\",\"width\":2500,\"height\":1667},{\"@type\":\"BreadcrumbList\",\"@id\":\"https:\/\/caminhosdobrejal.com\/rota\/index.php\/como-visitar\/#breadcrumb\",\"itemListElement\":[{\"@type\":\"ListItem\",\"position\":1,\"name\":\"In\u00edcio\",\"item\":\"https:\/\/caminhosdobrejal.com\/rota\/\"},{\"@type\":\"ListItem\",\"position\":2,\"name\":\"Como Visitar\"}]},{\"@type\":\"WebSite\",\"@id\":\"https:\/\/caminhosdobrejal.com\/rota\/#website\",\"url\":\"https:\/\/caminhosdobrejal.com\/rota\/\",\"name\":\"Caminhos do Brejal\",\"description\":\"conhe\u00e7a, visite e desfrute!\",\"publisher\":{\"@id\":\"https:\/\/caminhosdobrejal.com\/rota\/#organization\"},\"alternateName\":\"conhe\u00e7a o brejal\",\"potentialAction\":[{\"@type\":\"SearchAction\",\"target\":{\"@type\":\"EntryPoint\",\"urlTemplate\":\"https:\/\/caminhosdobrejal.com\/rota\/?s={search_term_string}\"},\"query-input\":{\"@type\":\"PropertyValueSpecification\",\"valueRequired\":true,\"valueName\":\"search_term_string\"}}],\"inLanguage\":\"pt-BR\"},{\"@type\":\"Organization\",\"@id\":\"https:\/\/caminhosdobrejal.com\/rota\/#organization\",\"name\":\"Caminhos do Brejal\",\"url\":\"https:\/\/caminhosdobrejal.com\/rota\/\",\"logo\":{\"@type\":\"ImageObject\",\"inLanguage\":\"pt-BR\",\"@id\":\"https:\/\/caminhosdobrejal.com\/rota\/#\/schema\/logo\/image\/\",\"url\":\"https:\/\/caminhosdobrejal.com\/rota\/wp-content\/uploads\/2024\/09\/android-chrome-192x192-1.png\",\"contentUrl\":\"https:\/\/caminhosdobrejal.com\/rota\/wp-content\/uploads\/2024\/09\/android-chrome-192x192-1.png\",\"width\":192,\"height\":192,\"caption\":\"Caminhos do Brejal\"},\"image\":{\"@id\":\"https:\/\/caminhosdobrejal.com\/rota\/#\/schema\/logo\/image\/\"}}]}<\/script>\n<!-- \/ Yoast SEO plugin. -->","yoast_head_json":{"title":"Como Visitar - Descubra o Brejal","robots":{"index":"index","follow":"follow","max-snippet":"max-snippet:-1","max-image-preview":"max-image-preview:large","max-video-preview":"max-video-preview:-1"},"canonical":"https:\/\/caminhosdobrejal.com\/rota\/index.php\/como-visitar\/","og_locale":"pt_BR","og_type":"article","og_title":"Como Visitar - Descubra o Brejal","og_description":"O brejal pode ser visitado de diversas maneiras, mas sempre recomendamos buscar um condutor local para auxiliar a visita\u00e7\u00e3o ou facilitar o agendamento das visitas de maneira pratica e organizada. Em caso de visitas independentes, \u00e9 de extrema importancia sempre buscar contactar os locais de interesse para conferir disponibilidade dos atrativos. Alguns pontos de destaque&hellip;","og_url":"https:\/\/caminhosdobrejal.com\/rota\/index.php\/como-visitar\/","og_site_name":"Descubra o Brejal","article_modified_time":"2026-02-20T18:24:03+00:00","og_image":[{"url":"https:\/\/caminhosdobrejal.com\/rota\/wp-content\/uploads\/2024\/05\/7I0A0842-1024x683.jpg"}],"twitter_card":"summary_large_image","twitter_misc":{"Est. tempo de leitura":"4 minutos"},"schema":{"@context":"https:\/\/schema.org","@graph":[{"@type":"WebPage","@id":"https:\/\/caminhosdobrejal.com\/rota\/index.php\/como-visitar\/","url":"https:\/\/caminhosdobrejal.com\/rota\/index.php\/como-visitar\/","name":"Como Visitar - Descubra o Brejal","isPartOf":{"@id":"https:\/\/caminhosdobrejal.com\/rota\/#website"},"primaryImageOfPage":{"@id":"https:\/\/caminhosdobrejal.com\/rota\/index.php\/como-visitar\/#primaryimage"},"image":{"@id":"https:\/\/caminhosdobrejal.com\/rota\/index.php\/como-visitar\/#primaryimage"},"thumbnailUrl":"https:\/\/caminhosdobrejal.com\/rota\/wp-content\/uploads\/2024\/05\/7I0A0842-1024x683.jpg","datePublished":"2024-03-21T00:27:34+00:00","dateModified":"2026-02-20T18:24:03+00:00","breadcrumb":{"@id":"https:\/\/caminhosdobrejal.com\/rota\/index.php\/como-visitar\/#breadcrumb"},"inLanguage":"pt-BR","potentialAction":[{"@type":"ReadAction","target":["https:\/\/caminhosdobrejal.com\/rota\/index.php\/como-visitar\/"]}]},{"@type":"ImageObject","inLanguage":"pt-BR","@id":"https:\/\/caminhosdobrejal.com\/rota\/index.php\/como-visitar\/#primaryimage","url":"https:\/\/caminhosdobrejal.com\/rota\/wp-content\/uploads\/2024\/05\/7I0A0842.jpg","contentUrl":"https:\/\/caminhosdobrejal.com\/rota\/wp-content\/uploads\/2024\/05\/7I0A0842.jpg","width":2500,"height":1667},{"@type":"BreadcrumbList","@id":"https:\/\/caminhosdobrejal.com\/rota\/index.php\/como-visitar\/#breadcrumb","itemListElement":[{"@type":"ListItem","position":1,"name":"In\u00edcio","item":"https:\/\/caminhosdobrejal.com\/rota\/"},{"@type":"ListItem","position":2,"name":"Como Visitar"}]},{"@type":"WebSite","@id":"https:\/\/caminhosdobrejal.com\/rota\/#website","url":"https:\/\/caminhosdobrejal.com\/rota\/","name":"Caminhos do Brejal","description":"conhe\u00e7a, visite e desfrute!","publisher":{"@id":"https:\/\/caminhosdobrejal.com\/rota\/#organization"},"alternateName":"conhe\u00e7a o brejal","potentialAction":[{"@type":"SearchAction","target":{"@type":"EntryPoint","urlTemplate":"https:\/\/caminhosdobrejal.com\/rota\/?s={search_term_string}"},"query-input":{"@type":"PropertyValueSpecification","valueRequired":true,"valueName":"search_term_string"}}],"inLanguage":"pt-BR"},{"@type":"Organization","@id":"https:\/\/caminhosdobrejal.com\/rota\/#organization","name":"Caminhos do Brejal","url":"https:\/\/caminhosdobrejal.com\/rota\/","logo":{"@type":"ImageObject","inLanguage":"pt-BR","@id":"https:\/\/caminhosdobrejal.com\/rota\/#\/schema\/logo\/image\/","url":"https:\/\/caminhosdobrejal.com\/rota\/wp-content\/uploads\/2024\/09\/android-chrome-192x192-1.png","contentUrl":"https:\/\/caminhosdobrejal.com\/rota\/wp-content\/uploads\/2024\/09\/android-chrome-192x192-1.png","width":192,"height":192,"caption":"Caminhos do Brejal"},"image":{"@id":"https:\/\/caminhosdobrejal.com\/rota\/#\/schema\/logo\/image\/"}}]}},"_links":{"self":[{"href":"https:\/\/caminhosdobrejal.com\/rota\/index.php\/wp-json\/wp\/v2\/pages\/367","targetHints":{"allow":["GET"]}}],"collection":[{"href":"https:\/\/caminhosdobrejal.com\/rota\/index.php\/wp-json\/wp\/v2\/pages"}],"about":[{"href":"https:\/\/caminhosdobrejal.com\/rota\/index.php\/wp-json\/wp\/v2\/types\/page"}],"author":[{"embeddable":true,"href":"https:\/\/caminhosdobrejal.com\/rota\/index.php\/wp-json\/wp\/v2\/users\/1"}],"replies":[{"embeddable":true,"href":"https:\/\/caminhosdobrejal.com\/rota\/index.php\/wp-json\/wp\/v2\/comments?post=367"}],"version-history":[{"count":24,"href":"https:\/\/caminhosdobrejal.com\/rota\/index.php\/wp-json\/wp\/v2\/pages\/367\/revisions"}],"predecessor-version":[{"id":726,"href":"https:\/\/caminhosdobrejal.com\/rota\/index.php\/wp-json\/wp\/v2\/pages\/367\/revisions\/726"}],"wp:attachment":[{"href":"https:\/\/caminhosdobrejal.com\/rota\/index.php\/wp-json\/wp\/v2\/media?parent=367"}],"curies":[{"name":"wp","href":"https:\/\/api.w.org\/{rel}","templated":true}]}}